{"id":2688,"date":"2020-06-20T07:48:11","date_gmt":"2020-06-20T07:48:11","guid":{"rendered":"https:\/\/gorkavazquezpsicologo.com\/home"},"modified":"2020-09-30T20:43:47","modified_gmt":"2020-09-30T20:43:47","slug":"home","status":"publish","type":"page","link":"https:\/\/gorkavazquezpsicologo.com\/eu\/","title":{"rendered":"Gorka V\u00e1zquez Psikologoa Bilbon"},"content":{"rendered":"<p>[vc_row el_id=&#8221;ni&#8221;][vc_column][vc_empty_space height=&#8221;90px&#8221;][\/vc_column][\/vc_row][vc_row wrap_container=&#8221;yes&#8221; css=&#8221;.vc_custom_1600867157082{padding-top: 60px !important;}&#8221;][vc_column css=&#8221;.vc_custom_1600344682160{margin-top: 50px !important;}&#8221;][vc_row_inner][vc_column_inner el_class=&#8221;pr-lg-5&#8243; offset=&#8221;vc_col-md-6&#8243;][vc_custom_heading text=&#8221;<b>Gorka Vazquez<\/b> Psikologoa Bilbon&#8221; font_container=&#8221;tag:h2|font_size:25px|text_align:left&#8221; use_theme_fonts=&#8221;yes&#8221; css=&#8221;.vc_custom_1600068533729{margin-bottom: 20px !important;}&#8221;][vc_column_text]<\/p>\n<p class=\"lead\">Ongi etorri nire webgunera. <a href=\"#\">Gorka V\u00e1zquez<\/a> psikologoa eta psikoterapeuta nauzu, eta zuri eta zure beharrizanei egokitutako <a href=\"#\">terapia profesionaleko<\/a> zerbitzua eskaintzen dizut.<\/p>\n<p>Metodologiaren seriotasuna eta zorroztasuna dauzka ezaugarri nire lan egiteko moduak. Bestalde, bezeroekiko harremana lantzeko funtsak hauexek dira: entzutea, segurtasuna eta jakin-mina.<\/p>\n<p>&nbsp;<\/p>\n<p><a class=\"font-weight-semibold text-sm\" href=\"https:\/\/gorkavazquezpsicologo.com\/eu\/ni\/\">GEHIAGO IRAKURRI<i class=\"fa fa-chevron-right ml-2\"><\/i><\/a>[\/vc_column_text][\/vc_column_inner][vc_column_inner offset=&#8221;vc_col-md-6&#8243;][vc_single_image image=&#8221;2394&#8243; img_size=&#8221;full&#8221; alignment=&#8221;center&#8221;][\/vc_column_inner][\/vc_row_inner][\/vc_column][\/vc_row][vc_row wrap_container=&#8221;yes&#8221; css=&#8221;.vc_custom_1595261755529{padding-top: 60px !important;}&#8221;][vc_column][vc_custom_heading text=&#8221;<b>Psikoterapia <\/b>zerbitzua&#8221; font_container=&#8221;tag:h2|font_size:25px|text_align:left&#8221; use_theme_fonts=&#8221;yes&#8221; css=&#8221;.vc_custom_1600069104908{margin-bottom: 20px !important;padding-top: -10px !important;}&#8221;][vc_column_text]<span style=\"font-size: 16px;\">Aurrez aurreko psikoterapia-zerbitzua,<strong> kontsultan, eta lineako zerbitzua<\/strong> eskaintzen ditut.<\/span>[\/vc_column_text][\/vc_column][\/vc_row][vc_row wrap_container=&#8221;yes&#8221; el_class=&#8221;home-banner&#8221; css=&#8221;.vc_custom_1595262228314{padding-top: 40px !important;padding-bottom: 30px !important;}&#8221;][vc_column width=&#8221;1\/3&#8243;]<div class=\"porto-ibanner interactive-banner-wrap-07dd21040fa50768c9d370ae74e47015\" style=\"\"><img alt=\"\" width=\"939\" height=\"590\" class=\"porto-ibanner-img\" src=\"https:\/\/gorkavazquezpsicologo.com\/wp-content\/uploads\/2020\/07\/terapia-individual-bilbao.jpg\" srcset=\"https:\/\/gorkavazquezpsicologo.com\/wp-content\/uploads\/2020\/07\/terapia-individual-bilbao.jpg 939w, https:\/\/gorkavazquezpsicologo.com\/wp-content\/uploads\/2020\/07\/terapia-individual-bilbao-768x483.jpg 768w, https:\/\/gorkavazquezpsicologo.com\/wp-content\/uploads\/2020\/07\/terapia-individual-bilbao-640x402.jpg 640w, https:\/\/gorkavazquezpsicologo.com\/wp-content\/uploads\/2020\/07\/terapia-individual-bilbao-400x251.jpg 400w, https:\/\/gorkavazquezpsicologo.com\/wp-content\/uploads\/2020\/07\/terapia-individual-bilbao-367x231.jpg 367w\" sizes=\"(max-width: 939px) 100vw, 939px\"><div class=\"porto-ibanner-desc\"><div class=\"porto-ibanner-content\" style=\"color:#777777;\">\n<h3>Banako terapia<\/h3>\n<div class=\"desc\">\n<p><span style=\"color: #ffffff;\">Norentzat da?<br \/>\nZertan datza banako terapia?<\/span><\/p>\n<p><a class=\"btn btn-md btn-light btn-rounded font-weight-bold\" href=\"https:\/\/gorkavazquezpsicologo.com\/eu\/banako-terapia-bilbon\/\">GEHIAGO IRAKURRI <i class=\"fa fa-arrow-right ml-2 mr-2 pl-3\"><\/i><\/a><\/p>\n<\/div>\n<p><\/div><\/div><\/div>[\/vc_column][vc_column width=&#8221;1\/3&#8243;]<div class=\"porto-ibanner interactive-banner-wrap-07dd21040fa50768c9d370ae74e47015\" style=\"\"><img alt=\"terapia de pareja bilbao\" width=\"939\" height=\"590\" class=\"porto-ibanner-img\" src=\"https:\/\/gorkavazquezpsicologo.com\/wp-content\/uploads\/2020\/09\/terapia-de-pareja-bilbao.jpg\" srcset=\"https:\/\/gorkavazquezpsicologo.com\/wp-content\/uploads\/2020\/09\/terapia-de-pareja-bilbao.jpg 939w, https:\/\/gorkavazquezpsicologo.com\/wp-content\/uploads\/2020\/09\/terapia-de-pareja-bilbao-768x483.jpg 768w, https:\/\/gorkavazquezpsicologo.com\/wp-content\/uploads\/2020\/09\/terapia-de-pareja-bilbao-640x402.jpg 640w, https:\/\/gorkavazquezpsicologo.com\/wp-content\/uploads\/2020\/09\/terapia-de-pareja-bilbao-400x251.jpg 400w, https:\/\/gorkavazquezpsicologo.com\/wp-content\/uploads\/2020\/09\/terapia-de-pareja-bilbao-367x231.jpg 367w\" sizes=\"(max-width: 939px) 100vw, 939px\"><div class=\"porto-ibanner-desc\"><div class=\"porto-ibanner-content\" style=\"color:#777777;\">\n<h3>Bikote-terapia<\/h3>\n<div class=\"desc\">\n<p><span style=\"color: #ffffff;\">Noiz baliatu bikote-terapia?<br \/>\nZer egoera eta zailtasun jorratzen dira?<br \/>\nZertan datza bikote-terapia?<\/span><\/p>\n<p><a class=\"btn btn-md btn-light btn-rounded font-weight-bold\" href=\"https:\/\/gorkavazquezpsicologo.com\/eu\/bikote-terapia-bilbon\/\">GEHIAGO IRAKURRI <i class=\"fa fa-arrow-right ml-2 mr-2 pl-3\"><\/i><\/a><\/p>\n<\/div>\n<p><\/div><\/div><\/div>[\/vc_column][vc_column width=&#8221;1\/3&#8243;]<div class=\"porto-ibanner interactive-banner-wrap-07dd21040fa50768c9d370ae74e47015\" style=\"\"><img alt=\"\" width=\"939\" height=\"590\" class=\"porto-ibanner-img\" src=\"https:\/\/gorkavazquezpsicologo.com\/wp-content\/uploads\/2020\/07\/terapia-familiar-bilbao.jpg\" srcset=\"https:\/\/gorkavazquezpsicologo.com\/wp-content\/uploads\/2020\/07\/terapia-familiar-bilbao.jpg 939w, https:\/\/gorkavazquezpsicologo.com\/wp-content\/uploads\/2020\/07\/terapia-familiar-bilbao-768x483.jpg 768w, https:\/\/gorkavazquezpsicologo.com\/wp-content\/uploads\/2020\/07\/terapia-familiar-bilbao-640x402.jpg 640w, https:\/\/gorkavazquezpsicologo.com\/wp-content\/uploads\/2020\/07\/terapia-familiar-bilbao-400x251.jpg 400w, https:\/\/gorkavazquezpsicologo.com\/wp-content\/uploads\/2020\/07\/terapia-familiar-bilbao-367x231.jpg 367w\" sizes=\"(max-width: 939px) 100vw, 939px\"><div class=\"porto-ibanner-desc\"><div class=\"porto-ibanner-content\" style=\"color:#777777;\">\n<h3>Familia-terapia<\/h3>\n<div class=\"desc\">\n<p><span style=\"color: #ffffff;\">Zein egoeratan baliatu behar da familia-terapia?<br \/>\nZertan datza familia-terapia?<\/span><\/p>\n<p><a class=\"btn btn-md btn-light btn-rounded font-weight-bold\" href=\"https:\/\/gorkavazquezpsicologo.com\/eu\/familia-terapia-bilbon\/\">GEHIAGO IRAKURRI <i class=\"fa fa-arrow-right ml-2 mr-2 pl-3\"><\/i><\/a><\/p>\n<\/div>\n<p><\/div><\/div><\/div>[\/vc_column][\/vc_row][vc_row wrap_container=&#8221;yes&#8221;][vc_column][vc_separator color=&#8221;custom&#8221; gap=&#8221;tall&#8221; gradient=&#8221;yes&#8221;][\/vc_column][\/vc_row][vc_row wrap_container=&#8221;yes&#8221;][vc_column width=&#8221;2\/3&#8243;][vc_custom_heading text=&#8221;Norbanako, erakunde eta enpresentzako <b>ikastaro eta tailerrak<\/b>:&#8221; font_container=&#8221;tag:h2|font_size:25px|text_align:left&#8221; use_theme_fonts=&#8221;yes&#8221; css=&#8221;.vc_custom_1600069364574{margin-bottom: 20px !important;padding-top: -10px !important;}&#8221;][\/vc_column][vc_column width=&#8221;1\/3&#8243;][\/vc_column][\/vc_row][vc_row gap=&#8221;35&#8243; wrap_container=&#8221;yes&#8221; css=&#8221;.vc_custom_1595262294719{padding-bottom: 30px !important;}&#8221;][vc_column width=&#8221;1\/2&#8243;][vc_single_image image=&#8221;3057&#8243; img_size=&#8221;full&#8221;][vc_column_text]<span style=\"color: #212529; font-size: 16px;\"><strong>BURU EDO GOGAMENAREN KUDEAKETA:<\/strong><\/span><\/p>\n<ul>\n<li><span style=\"font-size: 16px;\"><strong>Zure gogamen kontzientearen eta inkontzientearen arteko harremana<\/strong> zein den jakin eta bi-biak hobeto erabiltzen ikasi nahi duzu?<\/span><\/li>\n<li><span style=\"font-size: 16px;\">Pentsatzeko, sentitzeko eta jarduteko modua <strong>erraz eta era erabilgarrian koordinatu nahi duzu<\/strong>?<\/span><\/li>\n<\/ul>\n<p><a class=\"font-weight-semibold text-sm\" href=\"https:\/\/gorkavazquezpsicologo.com\/eu\/ikastaroak\/\">INFORMAZIO GEHIAGO<i class=\"fa fa-chevron-right ml-2\"><\/i><\/a>[\/vc_column_text][\/vc_column][vc_column width=&#8221;1\/2&#8243;][vc_single_image image=&#8221;3055&#8243; img_size=&#8221;full&#8221;][vc_column_text]<span style=\"color: #212529; font-size: 16px;\"><strong>HARREMANAK HOBETZEKO TREBETASUNAK:<\/strong><\/span><\/p>\n<ul>\n<li><span style=\"font-size: 16px;\"><strong>Harremanen giltzarria<\/strong> zein den ikasi nahi duzu?<\/span><\/li>\n<li><span style=\"font-size: 16px;\">Harremanak lantzeko <strong>esperientzia hobetu<\/strong> nahi duzu?<\/span><\/li>\n<\/ul>\n<p><a class=\"font-weight-semibold text-sm\" href=\"https:\/\/gorkavazquezpsicologo.com\/eu\/ikastaroak\/#trebetasunak\">INFORMAZIO GEHIAGO<i class=\"fa fa-chevron-right ml-2\"><\/i><\/a>[\/vc_column_text][\/vc_column][\/vc_row][vc_row wrap_container=&#8221;yes&#8221; css=&#8221;.vc_custom_1595244980698{padding-top: 80px !important;padding-bottom: 50px !important;background-color: #f7f7f7 !important;}&#8221;][vc_column][porto_blog post_layout=&#8221;slider&#8221; excerpt_length=&#8221;30&#8243;][\/vc_column][\/vc_row]<\/p>\n","protected":false},"excerpt":{"rendered":"<p>[vc_row el_id=&#8221;ni&#8221;][vc_column][vc_empty_space height=&#8221;90px&#8221;][\/vc_column][\/vc_row][vc_row wrap_container=&#8221;yes&#8221; css=&#8221;.vc_custom_1600867157082{padding-top: 60px !important;}&#8221;][vc_column css=&#8221;.vc_custom_1600344682160{margin-top: 50px !important;}&#8221;][vc_row_inner][vc_column_inner el_class=&#8221;pr-lg-5&#8243; offset=&#8221;vc_col-md-6&#8243;][vc_custom_heading text=&#8221;Gorka Vazquez Psikologoa Bilbon&#8221; font_container=&#8221;tag:h2|font_size:25px|text_align:left&#8221; use_theme_fonts=&#8221;yes&#8221; css=&#8221;.vc_custom_1600068533729{margin-bottom: 20px !important;}&#8221;][vc_column_text] Ongi etorri nire webgunera. Gorka V\u00e1zquez psikologoa eta psikoterapeuta nauzu, eta zuri eta zure beharrizanei egokitutako terapia profesionaleko zerbitzua eskaintzen dizut. Metodologiaren seriotasuna eta zorroztasuna dauzka ezaugarri nire lan egiteko moduak. Bestalde, bezeroekiko harremana [&hellip;]<\/p>\n","protected":false},"author":1,"featured_media":0,"parent":0,"menu_order":0,"comment_status":"closed","ping_status":"closed","template":"","meta":{"_mi_skip_tracking":false},"yoast_head":"<!-- This site is optimized with the Yoast SEO plugin v20.3 - https:\/\/yoast.com\/wordpress\/plugins\/seo\/ -->\n<title>Gorka V\u00e1zquez Psikologoa Bilbon - GORKA V\u00c1ZQUEZ Psic\u00f3logos Bilbao<\/title>\n<meta name=\"robots\" content=\"index, follow, max-snippet:-1, max-image-preview:large, max-video-preview:-1\" \/>\n<link rel=\"canonical\" href=\"https:\/\/gorkavazquezpsicologo.com\/eu\/\" \/>\n<meta property=\"og:locale\" content=\"eu_ES\" \/>\n<meta property=\"og:type\" content=\"article\" \/>\n<meta property=\"og:title\" content=\"Gorka V\u00e1zquez Psikologoa Bilbon - GORKA V\u00c1ZQUEZ Psic\u00f3logos Bilbao\" \/>\n<meta property=\"og:description\" content=\"[vc_row el_id=&#8221;ni&#8221;][vc_column][vc_empty_space height=&#8221;90px&#8221;][\/vc_column][\/vc_row][vc_row wrap_container=&#8221;yes&#8221; css=&#8221;.vc_custom_1600867157082{padding-top: 60px !important;}&#8221;][vc_column css=&#8221;.vc_custom_1600344682160{margin-top: 50px !important;}&#8221;][vc_row_inner][vc_column_inner el_class=&#8221;pr-lg-5&#8243; offset=&#8221;vc_col-md-6&#8243;][vc_custom_heading text=&#8221;Gorka Vazquez Psikologoa Bilbon&#8221; font_container=&#8221;tag:h2|font_size:25px|text_align:left&#8221; use_theme_fonts=&#8221;yes&#8221; css=&#8221;.vc_custom_1600068533729{margin-bottom: 20px !important;}&#8221;][vc_column_text] Ongi etorri nire webgunera. Gorka V\u00e1zquez psikologoa eta psikoterapeuta nauzu, eta zuri eta zure beharrizanei egokitutako terapia profesionaleko zerbitzua eskaintzen dizut. Metodologiaren seriotasuna eta zorroztasuna dauzka ezaugarri nire lan egiteko moduak. Bestalde, bezeroekiko harremana [&hellip;]\" \/>\n<meta property=\"og:url\" content=\"https:\/\/gorkavazquezpsicologo.com\/eu\/\" \/>\n<meta property=\"og:site_name\" content=\"GORKA V\u00c1ZQUEZ Psic\u00f3logos Bilbao\" \/>\n<meta property=\"article:modified_time\" content=\"2020-09-30T20:43:47+00:00\" \/>\n<meta name=\"twitter:card\" content=\"summary_large_image\" \/>\n<meta name=\"twitter:label1\" content=\"Est. reading time\" \/>\n\t<meta name=\"twitter:data1\" content=\"3 minutes\" \/>\n<script type=\"application\/ld+json\" class=\"yoast-schema-graph\">{\"@context\":\"https:\/\/schema.org\",\"@graph\":[{\"@type\":\"WebPage\",\"@id\":\"https:\/\/gorkavazquezpsicologo.com\/eu\/\",\"url\":\"https:\/\/gorkavazquezpsicologo.com\/eu\/\",\"name\":\"Gorka V\u00e1zquez Psikologoa Bilbon - GORKA V\u00c1ZQUEZ Psic\u00f3logos Bilbao\",\"isPartOf\":{\"@id\":\"https:\/\/gorkavazquezpsicologo.com\/eu\/#website\"},\"datePublished\":\"2020-06-20T07:48:11+00:00\",\"dateModified\":\"2020-09-30T20:43:47+00:00\",\"breadcrumb\":{\"@id\":\"https:\/\/gorkavazquezpsicologo.com\/eu\/#breadcrumb\"},\"inLanguage\":\"eu-ES\",\"potentialAction\":[{\"@type\":\"ReadAction\",\"target\":[\"https:\/\/gorkavazquezpsicologo.com\/eu\/\"]}]},{\"@type\":\"BreadcrumbList\",\"@id\":\"https:\/\/gorkavazquezpsicologo.com\/eu\/#breadcrumb\",\"itemListElement\":[{\"@type\":\"ListItem\",\"position\":1,\"name\":\"Portada\",\"item\":\"https:\/\/gorkavazquezpsicologo.com\/eu\/\"},{\"@type\":\"ListItem\",\"position\":2,\"name\":\"Gorka V\u00e1zquez Psikologoa Bilbon\"}]},{\"@type\":\"WebSite\",\"@id\":\"https:\/\/gorkavazquezpsicologo.com\/eu\/#website\",\"url\":\"https:\/\/gorkavazquezpsicologo.com\/eu\/\",\"name\":\"GORKA V\u00c1ZQUEZ Psic\u00f3logos Bilbao\",\"description\":\"Centro de psicoterapia en Bilbao.\",\"publisher\":{\"@id\":\"https:\/\/gorkavazquezpsicologo.com\/eu\/#organization\"},\"potentialAction\":[{\"@type\":\"SearchAction\",\"target\":{\"@type\":\"EntryPoint\",\"urlTemplate\":\"https:\/\/gorkavazquezpsicologo.com\/eu\/?s={search_term_string}\"},\"query-input\":\"required name=search_term_string\"}],\"inLanguage\":\"eu-ES\"},{\"@type\":\"Organization\",\"@id\":\"https:\/\/gorkavazquezpsicologo.com\/eu\/#organization\",\"name\":\"Gorka V\u00e1zquez Psic\u00f3logos Bilbao\",\"url\":\"https:\/\/gorkavazquezpsicologo.com\/eu\/\",\"logo\":{\"@type\":\"ImageObject\",\"inLanguage\":\"eu-ES\",\"@id\":\"https:\/\/gorkavazquezpsicologo.com\/eu\/#\/schema\/logo\/image\/\",\"url\":\"https:\/\/gorkavazquezpsicologo.com\/wp-content\/uploads\/2020\/08\/Psicologos-bilbao.png\",\"contentUrl\":\"https:\/\/gorkavazquezpsicologo.com\/wp-content\/uploads\/2020\/08\/Psicologos-bilbao.png\",\"width\":500,\"height\":150,\"caption\":\"Gorka V\u00e1zquez Psic\u00f3logos Bilbao\"},\"image\":{\"@id\":\"https:\/\/gorkavazquezpsicologo.com\/eu\/#\/schema\/logo\/image\/\"}}]}<\/script>\n<!-- \/ Yoast SEO plugin. -->","yoast_head_json":{"title":"Gorka V\u00e1zquez Psikologoa Bilbon - GORKA V\u00c1ZQUEZ Psic\u00f3logos Bilbao","robots":{"index":"index","follow":"follow","max-snippet":"max-snippet:-1","max-image-preview":"max-image-preview:large","max-video-preview":"max-video-preview:-1"},"canonical":"https:\/\/gorkavazquezpsicologo.com\/eu\/","og_locale":"eu_ES","og_type":"article","og_title":"Gorka V\u00e1zquez Psikologoa Bilbon - GORKA V\u00c1ZQUEZ Psic\u00f3logos Bilbao","og_description":"[vc_row el_id=&#8221;ni&#8221;][vc_column][vc_empty_space height=&#8221;90px&#8221;][\/vc_column][\/vc_row][vc_row wrap_container=&#8221;yes&#8221; css=&#8221;.vc_custom_1600867157082{padding-top: 60px !important;}&#8221;][vc_column css=&#8221;.vc_custom_1600344682160{margin-top: 50px !important;}&#8221;][vc_row_inner][vc_column_inner el_class=&#8221;pr-lg-5&#8243; offset=&#8221;vc_col-md-6&#8243;][vc_custom_heading text=&#8221;Gorka Vazquez Psikologoa Bilbon&#8221; font_container=&#8221;tag:h2|font_size:25px|text_align:left&#8221; use_theme_fonts=&#8221;yes&#8221; css=&#8221;.vc_custom_1600068533729{margin-bottom: 20px !important;}&#8221;][vc_column_text] Ongi etorri nire webgunera. Gorka V\u00e1zquez psikologoa eta psikoterapeuta nauzu, eta zuri eta zure beharrizanei egokitutako terapia profesionaleko zerbitzua eskaintzen dizut. Metodologiaren seriotasuna eta zorroztasuna dauzka ezaugarri nire lan egiteko moduak. Bestalde, bezeroekiko harremana [&hellip;]","og_url":"https:\/\/gorkavazquezpsicologo.com\/eu\/","og_site_name":"GORKA V\u00c1ZQUEZ Psic\u00f3logos Bilbao","article_modified_time":"2020-09-30T20:43:47+00:00","twitter_card":"summary_large_image","twitter_misc":{"Est. reading time":"3 minutes"},"schema":{"@context":"https:\/\/schema.org","@graph":[{"@type":"WebPage","@id":"https:\/\/gorkavazquezpsicologo.com\/eu\/","url":"https:\/\/gorkavazquezpsicologo.com\/eu\/","name":"Gorka V\u00e1zquez Psikologoa Bilbon - GORKA V\u00c1ZQUEZ Psic\u00f3logos Bilbao","isPartOf":{"@id":"https:\/\/gorkavazquezpsicologo.com\/eu\/#website"},"datePublished":"2020-06-20T07:48:11+00:00","dateModified":"2020-09-30T20:43:47+00:00","breadcrumb":{"@id":"https:\/\/gorkavazquezpsicologo.com\/eu\/#breadcrumb"},"inLanguage":"eu-ES","potentialAction":[{"@type":"ReadAction","target":["https:\/\/gorkavazquezpsicologo.com\/eu\/"]}]},{"@type":"BreadcrumbList","@id":"https:\/\/gorkavazquezpsicologo.com\/eu\/#breadcrumb","itemListElement":[{"@type":"ListItem","position":1,"name":"Portada","item":"https:\/\/gorkavazquezpsicologo.com\/eu\/"},{"@type":"ListItem","position":2,"name":"Gorka V\u00e1zquez Psikologoa Bilbon"}]},{"@type":"WebSite","@id":"https:\/\/gorkavazquezpsicologo.com\/eu\/#website","url":"https:\/\/gorkavazquezpsicologo.com\/eu\/","name":"GORKA V\u00c1ZQUEZ Psic\u00f3logos Bilbao","description":"Centro de psicoterapia en Bilbao.","publisher":{"@id":"https:\/\/gorkavazquezpsicologo.com\/eu\/#organization"},"potentialAction":[{"@type":"SearchAction","target":{"@type":"EntryPoint","urlTemplate":"https:\/\/gorkavazquezpsicologo.com\/eu\/?s={search_term_string}"},"query-input":"required name=search_term_string"}],"inLanguage":"eu-ES"},{"@type":"Organization","@id":"https:\/\/gorkavazquezpsicologo.com\/eu\/#organization","name":"Gorka V\u00e1zquez Psic\u00f3logos Bilbao","url":"https:\/\/gorkavazquezpsicologo.com\/eu\/","logo":{"@type":"ImageObject","inLanguage":"eu-ES","@id":"https:\/\/gorkavazquezpsicologo.com\/eu\/#\/schema\/logo\/image\/","url":"https:\/\/gorkavazquezpsicologo.com\/wp-content\/uploads\/2020\/08\/Psicologos-bilbao.png","contentUrl":"https:\/\/gorkavazquezpsicologo.com\/wp-content\/uploads\/2020\/08\/Psicologos-bilbao.png","width":500,"height":150,"caption":"Gorka V\u00e1zquez Psic\u00f3logos Bilbao"},"image":{"@id":"https:\/\/gorkavazquezpsicologo.com\/eu\/#\/schema\/logo\/image\/"}}]}},"_links":{"self":[{"href":"https:\/\/gorkavazquezpsicologo.com\/eu\/wp-json\/wp\/v2\/pages\/2688"}],"collection":[{"href":"https:\/\/gorkavazquezpsicologo.com\/eu\/wp-json\/wp\/v2\/pages"}],"about":[{"href":"https:\/\/gorkavazquezpsicologo.com\/eu\/wp-json\/wp\/v2\/types\/page"}],"author":[{"embeddable":true,"href":"https:\/\/gorkavazquezpsicologo.com\/eu\/wp-json\/wp\/v2\/users\/1"}],"replies":[{"embeddable":true,"href":"https:\/\/gorkavazquezpsicologo.com\/eu\/wp-json\/wp\/v2\/comments?post=2688"}],"version-history":[{"count":5,"href":"https:\/\/gorkavazquezpsicologo.com\/eu\/wp-json\/wp\/v2\/pages\/2688\/revisions"}],"predecessor-version":[{"id":3085,"href":"https:\/\/gorkavazquezpsicologo.com\/eu\/wp-json\/wp\/v2\/pages\/2688\/revisions\/3085"}],"wp:attachment":[{"href":"https:\/\/gorkavazquezpsicologo.com\/eu\/wp-json\/wp\/v2\/media?parent=2688"}],"curies":[{"name":"wp","href":"https:\/\/api.w.org\/{rel}","templated":true}]}}